{"id":88,"date":"2014-02-22T12:12:32","date_gmt":"2014-02-22T11:12:32","guid":{"rendered":"http:\/\/www.springer.cc\/?page_id=88"},"modified":"2014-05-02T11:04:24","modified_gmt":"2014-05-02T09:04:24","slug":"referenzen","status":"publish","type":"page","link":"http:\/\/as.so-so.net\/?page_id=88","title":{"rendered":"Referenzen"},"content":{"rendered":"<p><strong>Honorart\u00e4tigkeiten:<\/strong><\/p>\n<p>* f\u00fcr das Zentrum f\u00fcr berufliche und au\u00dferfachliche Kompetenzen der JLU Gie\u00dfen<\/p>\n<p>* f\u00fcr das Deutsche Institut f\u00fcr Erwachsenenbildung, Bonn<\/p>\n<p>* f\u00fcr das Bildungszentrum der Stadt N\u00fcrnberg<\/p>\n<p>* f\u00fcr das Institut f\u00fcr Medizinische Psychologie der Justus-Liebig-Universit\u00e4t Gie\u00dfen<\/p>\n<p>* f\u00fcr die Deutsche Gesellschaft f\u00fcr Medizinische Psychologie (DGMP)<\/p>\n","protected":false},"excerpt":{"rendered":"<p>Honorart\u00e4tigkeiten: * f\u00fcr das Zentrum f\u00fcr berufliche und au\u00dferfachliche Kompetenzen der JLU Gie\u00dfen * f\u00fcr das Deutsche Institut f\u00fcr Erwachsenenbildung, Bonn * f\u00fcr das Bildungszentrum der Stadt N\u00fcrnberg * f\u00fcr das Institut f\u00fcr Medizinische Psychologie der Justus-Liebig-Universit\u00e4t Gie\u00dfen * f\u00fcr die Deutsche Gesellschaft f\u00fcr Medizinische Psychologie (DGMP)<\/p>\n","protected":false},"author":2,"featured_media":0,"parent":2,"menu_order":0,"comment_status":"closed","ping_status":"closed","template":"","meta":{"footnotes":""},"class_list":["post-88","page","type-page","status-publish","hentry"],"_links":{"self":[{"href":"http:\/\/as.so-so.net\/index.php?rest_route=\/wp\/v2\/pages\/88","targetHints":{"allow":["GET"]}}],"collection":[{"href":"http:\/\/as.so-so.net\/index.php?rest_route=\/wp\/v2\/pages"}],"about":[{"href":"http:\/\/as.so-so.net\/index.php?rest_route=\/wp\/v2\/types\/page"}],"author":[{"embeddable":true,"href":"http:\/\/as.so-so.net\/index.php?rest_route=\/wp\/v2\/users\/2"}],"replies":[{"embeddable":true,"href":"http:\/\/as.so-so.net\/index.php?rest_route=%2Fwp%2Fv2%2Fcomments&post=88"}],"version-history":[{"count":3,"href":"http:\/\/as.so-so.net\/index.php?rest_route=\/wp\/v2\/pages\/88\/revisions"}],"predecessor-version":[{"id":96,"href":"http:\/\/as.so-so.net\/index.php?rest_route=\/wp\/v2\/pages\/88\/revisions\/96"}],"up":[{"embeddable":true,"href":"http:\/\/as.so-so.net\/index.php?rest_route=\/wp\/v2\/pages\/2"}],"wp:attachment":[{"href":"http:\/\/as.so-so.net\/index.php?rest_route=%2Fwp%2Fv2%2Fmedia&parent=88"}],"curies":[{"name":"wp","href":"https:\/\/api.w.org\/{rel}","templated":true}]}}