{"id":85,"date":"2014-02-22T12:11:14","date_gmt":"2014-02-22T11:11:14","guid":{"rendered":"http:\/\/www.springer.cc\/?page_id=85"},"modified":"2014-05-02T11:31:17","modified_gmt":"2014-05-02T09:31:17","slug":"curriculum-vitae","status":"publish","type":"page","link":"http:\/\/as.so-so.net\/?page_id=85","title":{"rendered":"Curriculum Vitae"},"content":{"rendered":"<p><strong>Curriculum Vitae<\/strong><\/p>\n<p>* geboren 1975 in Offenbach\/ Main geboren, verheiratet, 2 S\u00f6hne (geb. 2005 und 2008)<\/p>\n<p>* Abitur 1994<\/p>\n<p>* Freiwilliges Soziales Jahr unter Tr\u00e4gerschaft des BdkJ\u00a0Mainz im Sozialp\u00e4dagogischen Dienst f\u00fcr ausl\u00e4ndische Familien, Darmstadt<\/p>\n<p>* Studium der Diplom-P\u00e4dagogik und des Lehramts f\u00fcr Heil- und Sonderp\u00e4dagogik an der Justus-Liebig-Universit\u00e4t, Gie\u00dfen<\/p>\n<p>* Wissenschaftliche Mitarbeiterin in der Professur f\u00fcr Weiterbildung der JLU Gie\u00dfen<\/p>\n<p>* Wissenschaftliche Mitarbeiterin im Institut f\u00fcr Medizinische Psychologie der JLU Gie\u00dfen<\/p>\n<p>&nbsp;<\/p>\n<p>Ausf\u00fchrlicher <a title=\"Tabellarischer Lebenslauf Angela Springer\" href=\"http:\/\/www.springer.cc\/wp-content\/uploads\/2014\/05\/140408_Lebenslauf_AS.pdf\" target=\"_blank\">Tabellarischer Lebenslauf <\/a>als Download<\/p>\n<p>&nbsp;<\/p>\n","protected":false},"excerpt":{"rendered":"<p>Curriculum Vitae * geboren 1975 in Offenbach\/ Main geboren, verheiratet, 2 S\u00f6hne (geb. 2005 und 2008) * Abitur 1994 * Freiwilliges Soziales Jahr unter Tr\u00e4gerschaft des BdkJ\u00a0Mainz im Sozialp\u00e4dagogischen Dienst f\u00fcr ausl\u00e4ndische Familien, Darmstadt * Studium der Diplom-P\u00e4dagogik und des Lehramts f\u00fcr Heil- und Sonderp\u00e4dagogik an der Justus-Liebig-Universit\u00e4t, Gie\u00dfen * Wissenschaftliche Mitarbeiterin in der Professur [&hellip;]<\/p>\n","protected":false},"author":2,"featured_media":0,"parent":2,"menu_order":0,"comment_status":"closed","ping_status":"closed","template":"","meta":{"footnotes":""},"class_list":["post-85","page","type-page","status-publish","hentry"],"_links":{"self":[{"href":"http:\/\/as.so-so.net\/index.php?rest_route=\/wp\/v2\/pages\/85","targetHints":{"allow":["GET"]}}],"collection":[{"href":"http:\/\/as.so-so.net\/index.php?rest_route=\/wp\/v2\/pages"}],"about":[{"href":"http:\/\/as.so-so.net\/index.php?rest_route=\/wp\/v2\/types\/page"}],"author":[{"embeddable":true,"href":"http:\/\/as.so-so.net\/index.php?rest_route=\/wp\/v2\/users\/2"}],"replies":[{"embeddable":true,"href":"http:\/\/as.so-so.net\/index.php?rest_route=%2Fwp%2Fv2%2Fcomments&post=85"}],"version-history":[{"count":4,"href":"http:\/\/as.so-so.net\/index.php?rest_route=\/wp\/v2\/pages\/85\/revisions"}],"predecessor-version":[{"id":100,"href":"http:\/\/as.so-so.net\/index.php?rest_route=\/wp\/v2\/pages\/85\/revisions\/100"}],"up":[{"embeddable":true,"href":"http:\/\/as.so-so.net\/index.php?rest_route=\/wp\/v2\/pages\/2"}],"wp:attachment":[{"href":"http:\/\/as.so-so.net\/index.php?rest_route=%2Fwp%2Fv2%2Fmedia&parent=85"}],"curies":[{"name":"wp","href":"https:\/\/api.w.org\/{rel}","templated":true}]}}