{"id":6,"date":"2013-04-06T12:37:14","date_gmt":"2013-04-06T10:37:14","guid":{"rendered":"http:\/\/www.springer.cc\/?page_id=6"},"modified":"2013-04-06T14:20:49","modified_gmt":"2013-04-06T12:20:49","slug":"veroffentlichungen","status":"publish","type":"page","link":"http:\/\/as.so-so.net\/?page_id=6","title":{"rendered":"Ver\u00f6ffentlichungen"},"content":{"rendered":"<p>Springer, Angela: Lehrende lernen Lernberatung. Qualitativ-interaktionsanalytische Betrachtung einer Lernberatungssequenz zum Kursinhalt Autogenes Training im Rahmen eines Qualifizierungsprojekts f\u00fcr KursleiterInnen. Unver\u00f6ffentlichte Diplomarbeit, Justus-Liebig-Universit\u00e4t Gie\u00dfen 2001. online unter <a href=\"http:\/\/geb.uni-giessen.de\/geb\/volltexte\/2007\/4746\/\">http:\/\/geb.uni-giessen.de\/geb\/volltexte\/2007\/4746\/<\/a><\/p>\n<p>Forneck, Hermann J., Springer, Angela: Entwicklung tragf\u00e4higer didaktischer Konzepte. In: Informationen des DIE-Projektes SELBER, Nr. 02\/2003. S. 4-6.<\/p>\n<p>Forneck, Hermann J., Springer, Angela: Selbstlernprozesse didaktisch gestalten &#8211; Selbstlernarchitekturen, Lernprozessgestaltung und Lernberatung als Elemente einer Didaktik selbstgesteuerten Lernens. In: Informationen des DIE-Projektes SELBER, Nr. 08\/2004. S. 1-8.<\/p>\n<p>Springer, Angela: Autonomie in selbstgesteuerten Lernarrangements? Empirische Ergebnisse zum autonomen Lernen in komplexen Selbstlernarchitekturen. In: Hessische Bl\u00e4tter f\u00fcr Volksbildung. 55. Jg. (2005) H. 1, S. 54-64.<\/p>\n<p>Faulstich, P.; Forneck, H. J.; Grell, P.; H\u00e4\u00dfner, K., Knoll, J., Springer, A. (Hrsg.): Lernwiderstand \u2013 Lernumgebung \u2013 Lernberatung. Empirische Fundierungen zum selbstgesteuerten Lernen. Bielefeld (wbv) 2005.<\/p>\n<p>Forneck, Hermann J., Springer, Angela: Gestaltet ist nicht geleitet \u2013 Lernentwicklungen in professionell strukturierten Lernarchitekturen. In: Faulstich, Forneck, Knoll u.a.: Lernwiderstand \u2013 Lernumgebung \u2013 Lernberatung. Empirische Fundierungen zum selbstgesteuerten Lernen. Bielefeld (wbv) 2005. S. 94-161.<\/p>\n<p>Dietrich, Stephan\/Herr, Monika (Hrsg.) u. M. v. Springer, Angela u.a.: Support f\u00fcr Neue Lehr- und Lernkulturen. Bielefeld (wbv) 2005.<\/p>\n<p>Forneck, Hermann J., Springer, Angela: Gestaltung von Selbstlernarchitekturen \u2013 Eine integrative Konzeption f\u00fcr selbstgesteuertes Lernen. In: Dietrich, Herr (Hrsg.): Support f\u00fcr neue Lehr- und Lernkulturen. Bielefeld (wbv) 2005. S. 133-153.<\/p>\n<p>Springer, Angela: Selbstgesteuertes Lernen im Pr\u00e4senzunterricht: Didaktische Gestaltung von Selbstlernarchitekturen. In: Dieckmann, Dittrich, Lehmann (Hrsg.): Kompetenztransfer durch selbstgesteuertes Lernen. Bad Heilbrunn (Julius Klinkhardt) 2006. S. 79-91<\/p>\n<p>Springer, Angela: Lehrende lernen Lernberatung. Empirische Analyse einer Lernberatungssequenz im Rahmen eines Qualifizierungsprojekts f\u00fcr Kursleitende der Erwachsenenbildung. Saarbr\u00fccken (vdm) 2008.<\/p>\n","protected":false},"excerpt":{"rendered":"<p>Springer, Angela: Lehrende lernen Lernberatung. Qualitativ-interaktionsanalytische Betrachtung einer Lernberatungssequenz zum Kursinhalt Autogenes Training im Rahmen eines Qualifizierungsprojekts f\u00fcr KursleiterInnen. Unver\u00f6ffentlichte Diplomarbeit, Justus-Liebig-Universit\u00e4t Gie\u00dfen 2001. online unter http:\/\/geb.uni-giessen.de\/geb\/volltexte\/2007\/4746\/ Forneck, Hermann J., Springer, Angela: Entwicklung tragf\u00e4higer didaktischer Konzepte. In: Informationen des DIE-Projektes SELBER, Nr. 02\/2003. S. 4-6. Forneck, Hermann J., Springer, Angela: Selbstlernprozesse didaktisch gestalten &#8211; Selbstlernarchitekturen, [&hellip;]<\/p>\n","protected":false},"author":2,"featured_media":0,"parent":0,"menu_order":7,"comment_status":"closed","ping_status":"closed","template":"","meta":{"footnotes":""},"class_list":["post-6","page","type-page","status-publish","hentry"],"_links":{"self":[{"href":"http:\/\/as.so-so.net\/index.php?rest_route=\/wp\/v2\/pages\/6","targetHints":{"allow":["GET"]}}],"collection":[{"href":"http:\/\/as.so-so.net\/index.php?rest_route=\/wp\/v2\/pages"}],"about":[{"href":"http:\/\/as.so-so.net\/index.php?rest_route=\/wp\/v2\/types\/page"}],"author":[{"embeddable":true,"href":"http:\/\/as.so-so.net\/index.php?rest_route=\/wp\/v2\/users\/2"}],"replies":[{"embeddable":true,"href":"http:\/\/as.so-so.net\/index.php?rest_route=%2Fwp%2Fv2%2Fcomments&post=6"}],"version-history":[{"count":4,"href":"http:\/\/as.so-so.net\/index.php?rest_route=\/wp\/v2\/pages\/6\/revisions"}],"predecessor-version":[{"id":39,"href":"http:\/\/as.so-so.net\/index.php?rest_route=\/wp\/v2\/pages\/6\/revisions\/39"}],"wp:attachment":[{"href":"http:\/\/as.so-so.net\/index.php?rest_route=%2Fwp%2Fv2%2Fmedia&parent=6"}],"curies":[{"name":"wp","href":"https:\/\/api.w.org\/{rel}","templated":true}]}}